{"id":487,"date":"2023-11-13T16:14:49","date_gmt":"2023-11-13T15:14:49","guid":{"rendered":"http:\/\/customs24.eu\/?page_id=487"},"modified":"2023-11-14T15:46:23","modified_gmt":"2023-11-14T14:46:23","slug":"kuenye-2","status":"publish","type":"page","link":"https:\/\/customs24.eu\/tr\/kuenye-2\/","title":{"rendered":"Bize ula\u015f\u0131n"},"content":{"rendered":"\n<p><\/p>\n\n<p class=\"has-text-align-left has-larger-font-size\" style=\"font-style:normal;font-weight:100\"><mark style=\"background-color:#73af41\" class=\"has-inline-color\"> <\/mark><mark style=\"background-color:#73af41\" class=\"has-inline-color has-theme-palette-9-color\"> G. Schreur International GmbH <\/mark><\/p>\n\n<p class=\"has-theme-palette-9-color has-text-color has-link-color has-medium-font-size wp-elements-3d4b7b3b1f4a1d3d84a5f83b29f2a900\" style=\"font-style:normal;font-weight:100\">AC\u0130L DURUM? +49 162 301 4407 veya +49 176 1222 1223<\/p>\n\n<div class=\"wp-block-columns is-layout-flex wp-container-core-columns-is-layout-9d6595d7 wp-block-columns-is-layout-flex\">\n<div class=\"wp-block-column is-layout-flow wp-block-column-is-layout-flow\" style=\"flex-basis:100%\">\n<div class=\"wp-block-columns is-layout-flex wp-container-core-columns-is-layout-9d6595d7 wp-block-columns-is-layout-flex\">\n<div class=\"wp-block-column is-layout-flow wp-block-column-is-layout-flow\" style=\"flex-basis:300px\">\n<p class=\"has-small-font-size\" style=\"font-style:normal;font-weight:200\"><strong>Genel Merkez<\/strong><br\/>Groendahlscher Weg 87<br\/>DE-46446 Emmerich<\/p>\n\n\n\n<p class=\"has-small-font-size\" style=\"font-style:normal;font-weight:200\">+49 2822 600 600<br\/>info@customs24.eu<br\/>uk@customs24.eu<br\/>export@customs24.eu<\/p>\n\n\n\n<p class=\"has-small-font-size\" style=\"font-style:normal;font-weight:200\">Pazartesi &#8211; Per\u015fembe 8:00-17:00<br\/>Cuma 8:00-16:30<br\/>Gerekirse Cumartesi + Pazar<\/p>\n<\/div>\n\n\n\n<div class=\"wp-block-column is-layout-flow wp-block-column-is-layout-flow\" style=\"flex-basis:300px\">\n<p class=\"has-small-font-size\" style=\"font-style:normal;font-weight:200\"><strong>Frankfurt G\u00fcmr\u00fck Ofisi<\/strong><br\/>TTOC Swiecko 37 \/ Pokoj 125<br\/>PL-69-106 Swiecko II<br\/>Posta adresi<br\/>DE-15209 Frankfurt\/Oder<\/p>\n\n\n\n<p class=\"has-small-font-size\" style=\"font-style:normal;font-weight:200\">+49 335 533 555<br\/>ffo@customs24.eu<br\/>transit@customs24.eu<\/p>\n\n\n\n<p class=\"has-small-font-size\" style=\"font-style:normal;font-weight:200\">Pazartesi + Sal\u0131 7:00-20:00<br\/>\u00c7ar\u015famba &#8211; Cuma 7:00-19:00<br\/>Cumartesi 8:00-13:00<br\/>Pazar 15:00-20:00<\/p>\n<\/div>\n<\/div>\n<\/div>\n<\/div>\n\n<p class=\"has-larger-font-size\" style=\"font-style:normal;font-weight:100\"><mark style=\"background-color:#c84128\" class=\"has-inline-color has-theme-palette-9-color\">  AS-Sped GmbH  <\/mark><\/p>\n\n<p class=\"has-medium-font-size\" style=\"font-style:normal;font-weight:100\">AC\u0130L DURUM? +43 676 9210062<\/p>\n\n<div class=\"wp-block-columns is-layout-flex wp-container-core-columns-is-layout-9d6595d7 wp-block-columns-is-layout-flex\">\n<div class=\"wp-block-column is-layout-flow wp-block-column-is-layout-flow\" style=\"flex-basis:100%\">\n<div class=\"wp-block-columns is-layout-flex wp-container-core-columns-is-layout-9d6595d7 wp-block-columns-is-layout-flex\">\n<div class=\"wp-block-column is-layout-flow wp-block-column-is-layout-flow\" style=\"flex-basis:300px\">\n<p class=\"has-small-font-size\" style=\"font-style:normal;font-weight:200\"><strong>Genel Merkez<\/strong><br\/>N\u00f6ssling 14<br\/>DE-47533 Kleve<br\/><br\/>+49 2821 13260<br\/>kleve@customs24.eu<br\/><br\/>Pazartesi &#8211; Cuma 09:00-13:00<\/p>\n<\/div>\n\n\n\n<div class=\"wp-block-column is-layout-flow wp-block-column-is-layout-flow\" style=\"flex-basis:300px\">\n<p class=\"has-small-font-size\" style=\"font-style:normal;font-weight:200\"><strong>Antrepo ve G\u00fcmr\u00fck Ofisi<\/strong><br\/>Hartham 13<br\/>DE-94152 Neuhaus am Inn<br\/><br\/>+49 8503 8064 (+8065)<br\/>neuhaus@customs24.eu<br\/>gumruk@customs24.eu<br\/><br\/>Pazartesi &#8211; Cuma 07:00-18:00<br\/>Cumartesi 07:00-12:00<\/p>\n<\/div>\n<\/div>\n<\/div>\n<\/div>\n\n<p><\/p>\n\n<p class=\"has-large-font-size\" style=\"font-style:normal;font-weight:100\"><mark style=\"background-color:#4187c8\" class=\"has-inline-color has-theme-palette-9-color\"> NAZAR-Sped GmbH <\/mark><\/p>\n\n<p class=\"has-medium-font-size\" style=\"font-style:normal;font-weight:100\">AC\u0130L DURUM? +43 676 3435180<\/p>\n\n<p class=\"has-small-font-size\" style=\"font-style:normal;font-weight:200\"><strong>Genel Merkez<\/strong><br\/>Otoyol s\u0131n\u0131r\u0131 14<br\/>AT-4975 Suben<br\/><br\/>+43 7711 27262<br\/>nazar@customs24.eu<br\/>gumruk@customs24.eu<br\/><br\/>Pazartesi &#8211; Cuma 06:00-22:00<br\/>Cumartesi 07:00-12:00<\/p>\n\n<p class=\"has-medium-font-size\"><br\/><\/p>\n\n<p><\/p>\n\n<p class=\"has-small-font-size\"><\/p>\n","protected":false},"excerpt":{"rendered":"<p>G. Schreur International GmbH AC\u0130L DURUM? +49 162 301 4407 veya +49 176 1222 1223 Genel MerkezGroendahlscher Weg 87DE-46446 Emmerich +49 2822 600 600info@customs24.euuk@customs24.euexport@customs24.eu Pazartesi &#8211; Per\u015fembe 8:00-17:00Cuma 8:00-16:30Gerekirse Cumartesi + Pazar Frankfurt G\u00fcmr\u00fck OfisiTTOC Swiecko 37 \/ Pokoj 125PL-69-106 Swiecko IIPosta adresiDE-15209 Frankfurt\/Oder +49 335 533 555ffo@customs24.eutransit@customs24.eu Pazartesi + Sal\u0131 7:00-20:00\u00c7ar\u015famba &#8211; Cuma 7:00-19:00Cumartesi&#8230;<\/p>\n","protected":false},"author":1,"featured_media":0,"parent":0,"menu_order":0,"comment_status":"closed","ping_status":"closed","template":"","meta":{"_kad_blocks_custom_css":"","_kad_blocks_head_custom_js":"","_kad_blocks_body_custom_js":"","_kad_blocks_footer_custom_js":"","_kad_post_transparent":"","_kad_post_title":"","_kad_post_layout":"","_kad_post_sidebar_id":"","_kad_post_content_style":"","_kad_post_vertical_padding":"","_kad_post_feature":"","_kad_post_feature_position":"","_kad_post_header":false,"_kad_post_footer":false,"_kad_post_classname":"","footnotes":""},"class_list":["post-487","page","type-page","status-publish","hentry"],"taxonomy_info":[],"featured_image_src_large":false,"author_info":{"display_name":"customs24","author_link":"https:\/\/customs24.eu\/tr\/author\/customs24\/"},"comment_info":"","_links":{"self":[{"href":"https:\/\/customs24.eu\/tr\/wp-json\/wp\/v2\/pages\/487","targetHints":{"allow":["GET"]}}],"collection":[{"href":"https:\/\/customs24.eu\/tr\/wp-json\/wp\/v2\/pages"}],"about":[{"href":"https:\/\/customs24.eu\/tr\/wp-json\/wp\/v2\/types\/page"}],"author":[{"embeddable":true,"href":"https:\/\/customs24.eu\/tr\/wp-json\/wp\/v2\/users\/1"}],"replies":[{"embeddable":true,"href":"https:\/\/customs24.eu\/tr\/wp-json\/wp\/v2\/comments?post=487"}],"version-history":[{"count":4,"href":"https:\/\/customs24.eu\/tr\/wp-json\/wp\/v2\/pages\/487\/revisions"}],"predecessor-version":[{"id":651,"href":"https:\/\/customs24.eu\/tr\/wp-json\/wp\/v2\/pages\/487\/revisions\/651"}],"wp:attachment":[{"href":"https:\/\/customs24.eu\/tr\/wp-json\/wp\/v2\/media?parent=487"}],"curies":[{"name":"wp","href":"https:\/\/api.w.org\/{rel}","templated":true}]}}